{"id":11,"date":"2013-02-22T11:13:06","date_gmt":"2013-02-22T10:13:06","guid":{"rendered":"http:\/\/www.easytablettes.com\/blog\/?page_id=11"},"modified":"2013-02-22T11:40:11","modified_gmt":"2013-02-22T10:40:11","slug":"easy-tablettes","status":"publish","type":"page","link":"https:\/\/www.easytablettes.com\/blog\/easy-tablettes\/","title":{"rendered":"Qui sommes-nous ?"},"content":{"rendered":"<p>EasyTablettes propose un <strong>service<\/strong> de <strong>location de tablettes<\/strong> <strong>complet<\/strong> et\u00a0<strong>performant<\/strong>.<\/p>\n<p><img decoding=\"async\" alt=\"La location d'iPads par Eaystablettes\" src=\"http:\/\/www.easytablettes.com\/images\/location-tablette-economique.png\" \/><\/p>\n<ul>\n<ul>\n<li><span style=\"font-size: 1rem; line-height: 14px;\">Un parc d<\/span><span style=\"font-size: 1rem; line-height: 14px; text-decoration: underline;\">&lsquo;iPads derni\u00e8re g\u00e9n\u00e9ration<\/span><span style=\"font-size: 1rem; line-height: 14px;\"> dot\u00e9s\u00a0<\/span><span style=\"font-size: 1rem; line-height: 14px;\">la technologie d&rsquo;\u00e9cran Retina<\/span><\/li>\n<li><span><span style=\"font-size: 1rem; line-height: 1.714285714;\">Une journ\u00e9e offerte la veille de votre\u00a0<\/span>\u00e9v\u00e8nement<span style=\"font-size: 1rem; line-height: 1.714285714;\">\u00a0pour <\/span><\/span><span style=\"text-decoration: underline;\">r\u00e9ceptionner<\/span><span style=\"line-height: 1.714285714; font-size: 1rem;\">\u00a0vos appareils.<\/span><\/li>\n<li><span style=\"line-height: 1.714285714; font-size: 1rem;\">La fourniture d&rsquo;<\/span><span style=\"text-decoration: underline;\">emballages pr\u00e9-affranchis<\/span><span style=\"line-height: 1.714285714; font-size: 1rem;\"> pour un retour des appareils sans surco\u00fbt.<\/span><\/li>\n<li><span style=\"line-height: 1.714285714; font-size: 1rem;\">Un<\/span><span style=\"text-decoration: underline;\"> support t\u00e9l\u00e9phonique gratuit<\/span><span style=\"line-height: 1.714285714; font-size: 1rem;\"> \u00ab\u00a0Apple Care\u00a0\u00bb par des experts Apple.<\/span><\/li>\n<li><span style=\"line-height: 1.714285714; font-size: 1rem;\">Un choix\u00a0d\u2019<\/span><span style=\"text-decoration: underline;\">accessoires et d&rsquo;antivols<\/span><span style=\"line-height: 1.714285714; font-size: 1rem;\"> adapt\u00e9s \u00e0 vos op\u00e9rations.<\/span><\/li>\n<li><span style=\"line-height: 1.714285714; font-size: 1rem;\">Un <\/span><span style=\"text-decoration: underline;\">param\u00e9trage de vos appareils<\/span><span style=\"line-height: 1.714285714; font-size: 1rem;\"> avec des applications\u00a0\u00e9v\u00e8nementielles pratiques.<\/span><\/li>\n<\/ul>\n<\/ul>\n<p>EasyTablette est une marque du <strong>groupe KOHA SOLUTIONS<\/strong> qui accompagne PME et Grands Compte dans l&rsquo;organisation d&rsquo;op\u00e9ration de <strong>fid\u00e9lisation<\/strong>, <strong>promotion<\/strong> et <strong>stimulation<\/strong>.<\/p>\n<p>Visitez notre site <a title=\"location de tablettes\" href=\"http:\/\/www.easytablettes.com\/index.php\" target=\"_blank\">www.easytablettes.com<\/a>\u00a0pour d\u00e9couvrir nos solutions en d\u00e9tail.<\/p>\n<p>&nbsp;<\/p>\n","protected":false},"excerpt":{"rendered":"<p>EasyTablettes propose un service de location de tablettes complet et\u00a0performant. Un parc d&lsquo;iPads derni\u00e8re g\u00e9n\u00e9ration dot\u00e9s\u00a0la technologie d&rsquo;\u00e9cran Retina Une journ\u00e9e offerte la veille de votre\u00a0\u00e9v\u00e8nement\u00a0pour r\u00e9ceptionner\u00a0vos appareils. La fourniture d&rsquo;emballages pr\u00e9-affranchis pour un retour des appareils sans surco\u00fbt. Un support t\u00e9l\u00e9phonique gratuit \u00ab\u00a0Apple Care\u00a0\u00bb par des experts Apple. Un choix\u00a0d\u2019accessoires et d&rsquo;antivols adapt\u00e9s \u00e0 [&hellip;]<\/p>\n","protected":false},"author":4,"featured_media":0,"parent":0,"menu_order":0,"comment_status":"open","ping_status":"open","template":"","meta":{"footnotes":""},"class_list":["post-11","page","type-page","status-publish","hentry"],"_links":{"self":[{"href":"https:\/\/www.easytablettes.com\/blog\/wp-json\/wp\/v2\/pages\/11","targetHints":{"allow":["GET"]}}],"collection":[{"href":"https:\/\/www.easytablettes.com\/blog\/wp-json\/wp\/v2\/pages"}],"about":[{"href":"https:\/\/www.easytablettes.com\/blog\/wp-json\/wp\/v2\/types\/page"}],"author":[{"embeddable":true,"href":"https:\/\/www.easytablettes.com\/blog\/wp-json\/wp\/v2\/users\/4"}],"replies":[{"embeddable":true,"href":"https:\/\/www.easytablettes.com\/blog\/wp-json\/wp\/v2\/comments?post=11"}],"version-history":[{"count":9,"href":"https:\/\/www.easytablettes.com\/blog\/wp-json\/wp\/v2\/pages\/11\/revisions"}],"predecessor-version":[{"id":400,"href":"https:\/\/www.easytablettes.com\/blog\/wp-json\/wp\/v2\/pages\/11\/revisions\/400"}],"wp:attachment":[{"href":"https:\/\/www.easytablettes.com\/blog\/wp-json\/wp\/v2\/media?parent=11"}],"curies":[{"name":"wp","href":"https:\/\/api.w.org\/{rel}","templated":true}]}}